{"id":8,"date":"2025-05-12T16:32:26","date_gmt":"2025-05-12T16:32:26","guid":{"rendered":"https:\/\/labreuvoir.net\/?page_id=8"},"modified":"2025-08-06T09:18:11","modified_gmt":"2025-08-06T09:18:11","slug":"home","status":"publish","type":"page","link":"https:\/\/labreuvoir.net\/","title":{"rendered":"Home"},"content":{"rendered":"\t\t<div data-elementor-type=\"wp-page\" data-elementor-id=\"8\" class=\"elementor elementor-8\">\n\t\t\t\t\t\t<section class=\"elementor-section elementor-top-section elementor-element elementor-element-01ea0d0 elementor-section-height-min-height elementor-section-boxed elementor-section-height-default elementor-section-items-middle\" data-id=\"01ea0d0\" data-element_type=\"section\" data-settings=\"{&quot;background_background&quot;:&quot;classic&quot;}\">\n\t\t\t\t\t\t<div class=\"elementor-container elementor-column-gap-default\">\n\t\t\t\t\t<div class=\"elementor-column elementor-col-100 elementor-top-column elementor-element elementor-element-ea14d69\" data-id=\"ea14d69\" data-element_type=\"column\">\n\t\t\t<div class=\"elementor-widget-wrap elementor-element-populated\">\n\t\t\t\t\t\t<div class=\"elementor-element elementor-element-d5b4c32 elementor-widget elementor-widget-image\" data-id=\"d5b4c32\" data-element_type=\"widget\" data-widget_type=\"image.default\">\n\t\t\t\t<div class=\"elementor-widget-container\">\n\t\t\t\t\t\t\t\t\t\t\t\t\t\t\t\t<a href=\"https:\/\/labreuvoir.net\/\">\n\t\t\t\t\t\t\t<img fetchpriority=\"high\" decoding=\"async\" width=\"388\" height=\"259\" src=\"https:\/\/labreuvoir.net\/wp-content\/uploads\/2025\/05\/LogoL_Abreuvoir-removebg-preview-e1747067836727.png\" class=\"attachment-full size-full wp-image-20\" alt=\"\" srcset=\"https:\/\/labreuvoir.net\/wp-content\/uploads\/2025\/05\/LogoL_Abreuvoir-removebg-preview-e1747067836727.png 388w, https:\/\/labreuvoir.net\/wp-content\/uploads\/2025\/05\/LogoL_Abreuvoir-removebg-preview-e1747067836727-300x200.png 300w\" sizes=\"(max-width: 388px) 100vw, 388px\" \/>\t\t\t\t\t\t\t\t<\/a>\n\t\t\t\t\t\t\t\t\t\t\t\t\t\t\t<\/div>\n\t\t\t\t<\/div>\n\t\t\t\t<section class=\"elementor-section elementor-inner-section elementor-element elementor-element-d27243a elementor-section-boxed elementor-section-height-default elementor-section-height-default\" data-id=\"d27243a\" data-element_type=\"section\">\n\t\t\t\t\t\t<div class=\"elementor-container elementor-column-gap-default\">\n\t\t\t\t\t<div class=\"elementor-column elementor-col-100 elementor-inner-column elementor-element elementor-element-e53f6bc\" data-id=\"e53f6bc\" data-element_type=\"column\">\n\t\t\t<div class=\"elementor-widget-wrap elementor-element-populated\">\n\t\t\t\t\t\t<div class=\"elementor-element elementor-element-3402bb1 elementor-widget elementor-widget-text-editor\" data-id=\"3402bb1\" data-element_type=\"widget\" data-widget_type=\"text-editor.default\">\n\t\t\t\t<div class=\"elementor-widget-container\">\n\t\t\t\t\t\t\t\t\t<p>Importation, distribution et exportation de boissons s\u00e9lectionn\u00e9es avec soin. Bas\u00e9 \u00e0 Gen\u00e8ve, Suisse.<\/p>\t\t\t\t\t\t\t\t<\/div>\n\t\t\t\t<\/div>\n\t\t\t\t<div class=\"elementor-element elementor-element-e6bdb15 elementor-widget elementor-widget-heading\" data-id=\"e6bdb15\" data-element_type=\"widget\" data-widget_type=\"heading.default\">\n\t\t\t\t<div class=\"elementor-widget-container\">\n\t\t\t\t\t<h2 class=\"elementor-heading-title elementor-size-default\">Nos produits import\u00e9s et distribu\u00e9s:<\/h2>\t\t\t\t<\/div>\n\t\t\t\t<\/div>\n\t\t\t\t\t<\/div>\n\t\t<\/div>\n\t\t\t\t\t<\/div>\n\t\t<\/section>\n\t\t\t\t<section class=\"elementor-section elementor-inner-section elementor-element elementor-element-2a7de2b elementor-section-boxed elementor-section-height-default elementor-section-height-default\" data-id=\"2a7de2b\" data-element_type=\"section\">\n\t\t\t\t\t\t<div class=\"elementor-container elementor-column-gap-default\">\n\t\t\t\t\t<div class=\"elementor-column elementor-col-50 elementor-inner-column elementor-element elementor-element-ab3be02\" data-id=\"ab3be02\" data-element_type=\"column\">\n\t\t\t<div class=\"elementor-widget-wrap elementor-element-populated\">\n\t\t\t\t\t\t<div class=\"elementor-element elementor-element-49cf0d9 elementor-widget elementor-widget-image\" data-id=\"49cf0d9\" data-element_type=\"widget\" data-widget_type=\"image.default\">\n\t\t\t\t<div class=\"elementor-widget-container\">\n\t\t\t\t\t\t\t\t\t\t\t\t\t\t\t<img decoding=\"async\" width=\"444\" height=\"1114\" src=\"https:\/\/labreuvoir.net\/wp-content\/uploads\/2025\/05\/gingermaximg1-1-scaled-e1747068227536.png\" class=\"attachment-full size-full wp-image-25\" alt=\"\" srcset=\"https:\/\/labreuvoir.net\/wp-content\/uploads\/2025\/05\/gingermaximg1-1-scaled-e1747068227536.png 444w, https:\/\/labreuvoir.net\/wp-content\/uploads\/2025\/05\/gingermaximg1-1-scaled-e1747068227536-120x300.png 120w, https:\/\/labreuvoir.net\/wp-content\/uploads\/2025\/05\/gingermaximg1-1-scaled-e1747068227536-408x1024.png 408w\" sizes=\"(max-width: 444px) 100vw, 444px\" \/>\t\t\t\t\t\t\t\t\t\t\t\t\t\t\t<\/div>\n\t\t\t\t<\/div>\n\t\t\t\t<div class=\"elementor-element elementor-element-67cd93f elementor-widget elementor-widget-heading\" data-id=\"67cd93f\" data-element_type=\"widget\" data-widget_type=\"heading.default\">\n\t\t\t\t<div class=\"elementor-widget-container\">\n\t\t\t\t\t<h2 class=\"elementor-heading-title elementor-size-default\">GingerMax<\/h2>\t\t\t\t<\/div>\n\t\t\t\t<\/div>\n\t\t\t\t<div class=\"elementor-element elementor-element-e51338e elementor-widget elementor-widget-text-editor\" data-id=\"e51338e\" data-element_type=\"widget\" data-widget_type=\"text-editor.default\">\n\t\t\t\t<div class=\"elementor-widget-container\">\n\t\t\t\t\t\t\t\t\t<p>Boisson naturelle \u00e0 base d&#8217;infusion de mat\u00e9, de gingembre et de citronnelle.<\/p>\t\t\t\t\t\t\t\t<\/div>\n\t\t\t\t<\/div>\n\t\t\t\t<div class=\"elementor-element elementor-element-75ec201 elementor-align-center elementor-widget elementor-widget-button\" data-id=\"75ec201\" data-element_type=\"widget\" data-widget_type=\"button.default\">\n\t\t\t\t<div class=\"elementor-widget-container\">\n\t\t\t\t\t\t\t\t\t<div class=\"elementor-button-wrapper\">\n\t\t\t\t\t<a class=\"elementor-button elementor-button-link elementor-size-sm\" href=\"https:\/\/gingermax.com\/\">\n\t\t\t\t\t\t<span class=\"elementor-button-content-wrapper\">\n\t\t\t\t\t\t\t\t\t<span class=\"elementor-button-text\">En savoir plus<\/span>\n\t\t\t\t\t<\/span>\n\t\t\t\t\t<\/a>\n\t\t\t\t<\/div>\n\t\t\t\t\t\t\t\t<\/div>\n\t\t\t\t<\/div>\n\t\t\t\t\t<\/div>\n\t\t<\/div>\n\t\t\t\t<div class=\"elementor-column elementor-col-50 elementor-inner-column elementor-element elementor-element-86bcf17\" data-id=\"86bcf17\" data-element_type=\"column\" data-settings=\"{&quot;background_background&quot;:&quot;classic&quot;}\">\n\t\t\t<div class=\"elementor-widget-wrap elementor-element-populated\">\n\t\t\t\t\t\t<div class=\"elementor-element elementor-element-162716e elementor-widget elementor-widget-image\" data-id=\"162716e\" data-element_type=\"widget\" data-widget_type=\"image.default\">\n\t\t\t\t<div class=\"elementor-widget-container\">\n\t\t\t\t\t\t\t\t\t\t\t\t\t\t\t<img decoding=\"async\" width=\"444\" height=\"1114\" src=\"https:\/\/labreuvoir.net\/wp-content\/uploads\/2025\/05\/BISSAP001-SIN-SOMBRA-LATA-prop-00-33cl-Vista-actual-2-1.png\" class=\"attachment-full size-full wp-image-107\" alt=\"\" srcset=\"https:\/\/labreuvoir.net\/wp-content\/uploads\/2025\/05\/BISSAP001-SIN-SOMBRA-LATA-prop-00-33cl-Vista-actual-2-1.png 444w, https:\/\/labreuvoir.net\/wp-content\/uploads\/2025\/05\/BISSAP001-SIN-SOMBRA-LATA-prop-00-33cl-Vista-actual-2-1-120x300.png 120w, https:\/\/labreuvoir.net\/wp-content\/uploads\/2025\/05\/BISSAP001-SIN-SOMBRA-LATA-prop-00-33cl-Vista-actual-2-1-408x1024.png 408w\" sizes=\"(max-width: 444px) 100vw, 444px\" \/>\t\t\t\t\t\t\t\t\t\t\t\t\t\t\t<\/div>\n\t\t\t\t<\/div>\n\t\t\t\t<div class=\"elementor-element elementor-element-7a176dd elementor-widget elementor-widget-heading\" data-id=\"7a176dd\" data-element_type=\"widget\" data-widget_type=\"heading.default\">\n\t\t\t\t<div class=\"elementor-widget-container\">\n\t\t\t\t\t<h2 class=\"elementor-heading-title elementor-size-default\">Bissap Energy Juice<\/h2>\t\t\t\t<\/div>\n\t\t\t\t<\/div>\n\t\t\t\t<div class=\"elementor-element elementor-element-7ab1022 elementor-widget elementor-widget-text-editor\" data-id=\"7ab1022\" data-element_type=\"widget\" data-widget_type=\"text-editor.default\">\n\t\t\t\t<div class=\"elementor-widget-container\">\n\t\t\t\t\t\t\t\t\t<p>Boisson \u00e9nergisante au bissap<br \/>(hibiscus), enrichie en \u00e9lectro-<br \/>lytes, vitamine C et sans sucre.<\/p>\t\t\t\t\t\t\t\t<\/div>\n\t\t\t\t<\/div>\n\t\t\t\t<div class=\"elementor-element elementor-element-55f7981 elementor-align-center elementor-widget elementor-widget-button\" data-id=\"55f7981\" data-element_type=\"widget\" data-widget_type=\"button.default\">\n\t\t\t\t<div class=\"elementor-widget-container\">\n\t\t\t\t\t\t\t\t\t<div class=\"elementor-button-wrapper\">\n\t\t\t\t\t<a class=\"elementor-button elementor-button-link elementor-size-sm\" href=\"#\">\n\t\t\t\t\t\t<span class=\"elementor-button-content-wrapper\">\n\t\t\t\t\t\t\t\t\t<span class=\"elementor-button-text\">Voir le produit<\/span>\n\t\t\t\t\t<\/span>\n\t\t\t\t\t<\/a>\n\t\t\t\t<\/div>\n\t\t\t\t\t\t\t\t<\/div>\n\t\t\t\t<\/div>\n\t\t\t\t\t<\/div>\n\t\t<\/div>\n\t\t\t\t\t<\/div>\n\t\t<\/section>\n\t\t\t\t<section class=\"elementor-section elementor-inner-section elementor-element elementor-element-9618858 elementor-section-boxed elementor-section-height-default elementor-section-height-default\" data-id=\"9618858\" data-element_type=\"section\">\n\t\t\t\t\t\t<div class=\"elementor-container elementor-column-gap-default\">\n\t\t\t\t\t<div class=\"elementor-column elementor-col-100 elementor-inner-column elementor-element elementor-element-92967ce\" data-id=\"92967ce\" data-element_type=\"column\">\n\t\t\t<div class=\"elementor-widget-wrap elementor-element-populated\">\n\t\t\t\t\t\t<div class=\"elementor-element elementor-element-d4d0e2e elementor-widget elementor-widget-text-editor\" data-id=\"d4d0e2e\" data-element_type=\"widget\" data-widget_type=\"text-editor.default\">\n\t\t\t\t<div class=\"elementor-widget-container\">\n\t\t\t\t\t\t\t\t\t<p>Pour toute demande:<br \/><span style=\"color: #5a8d85;\"><a style=\"color: #5a8d85;\" href=\"mailto:info@labreuvoir.net\">info@labreuvoir.net<\/a><\/span><\/p>\t\t\t\t\t\t\t\t<\/div>\n\t\t\t\t<\/div>\n\t\t\t\t\t<\/div>\n\t\t<\/div>\n\t\t\t\t\t<\/div>\n\t\t<\/section>\n\t\t\t\t\t<\/div>\n\t\t<\/div>\n\t\t\t\t\t<\/div>\n\t\t<\/section>\n\t\t\t\t<\/div>\n\t\t","protected":false},"excerpt":{"rendered":"<p>Importation, distribution et exportation de boissons s\u00e9lectionn\u00e9es avec soin. Bas\u00e9 \u00e0 Gen\u00e8ve, Suisse. Nos produits import\u00e9s et distribu\u00e9s: GingerMax Boisson naturelle \u00e0 base d&#8217;infusion de mat\u00e9, de gingembre et de citronnelle. En savoir plus Bissap Energy Juice Boisson \u00e9nergisante au bissap(hibiscus), enrichie en \u00e9lectro-lytes, vitamine C et sans sucre. Voir le produit Pour toute demande:info@labreuvoir.net<\/p>\n","protected":false},"author":2,"featured_media":0,"parent":0,"menu_order":0,"comment_status":"closed","ping_status":"closed","template":"elementor_canvas","meta":{"footnotes":""},"class_list":["post-8","page","type-page","status-publish","hentry"],"_links":{"self":[{"href":"https:\/\/labreuvoir.net\/index.php?rest_route=\/wp\/v2\/pages\/8","targetHints":{"allow":["GET"]}}],"collection":[{"href":"https:\/\/labreuvoir.net\/index.php?rest_route=\/wp\/v2\/pages"}],"about":[{"href":"https:\/\/labreuvoir.net\/index.php?rest_route=\/wp\/v2\/types\/page"}],"author":[{"embeddable":true,"href":"https:\/\/labreuvoir.net\/index.php?rest_route=\/wp\/v2\/users\/2"}],"replies":[{"embeddable":true,"href":"https:\/\/labreuvoir.net\/index.php?rest_route=%2Fwp%2Fv2%2Fcomments&post=8"}],"version-history":[{"count":5,"href":"https:\/\/labreuvoir.net\/index.php?rest_route=\/wp\/v2\/pages\/8\/revisions"}],"predecessor-version":[{"id":126,"href":"https:\/\/labreuvoir.net\/index.php?rest_route=\/wp\/v2\/pages\/8\/revisions\/126"}],"wp:attachment":[{"href":"https:\/\/labreuvoir.net\/index.php?rest_route=%2Fwp%2Fv2%2Fmedia&parent=8"}],"curies":[{"name":"wp","href":"https:\/\/api.w.org\/{rel}","templated":true}]}}